{"id":222827,"date":"2021-03-22T13:32:04","date_gmt":"2021-03-22T12:32:04","guid":{"rendered":"https:\/\/sobinlinekennel.com\/?page_id=222827"},"modified":"2021-04-10T00:01:06","modified_gmt":"2021-04-09T22:01:06","slug":"confirmpage","status":"publish","type":"page","link":"https:\/\/sobinlinekennel.com\/en\/confirmpage\/","title":{"rendered":"ConfirmPage"},"content":{"rendered":"<p>[et_pb_section fb_built=&#8221;1&#8243; prev_background_color=&#8221;#ffffff&#8221; _builder_version=&#8221;4.9.2&#8243; _module_preset=&#8221;default&#8221; background_color=&#8221;#fdc732&#8243; min_height=&#8221;0px&#8221; height=&#8221;0px&#8221; max_height=&#8221;0px&#8221; top_divider_style=&#8221;waves2&#8243; da_disable_devices=&#8221;off|off|off&#8221; da_is_popup=&#8221;off&#8221; da_exit_intent=&#8221;off&#8221; da_has_close=&#8221;on&#8221; da_alt_close=&#8221;off&#8221; da_dark_close=&#8221;off&#8221; da_not_modal=&#8221;on&#8221; da_is_singular=&#8221;off&#8221; da_with_loader=&#8221;off&#8221; da_has_shadow=&#8221;on&#8221;][et_pb_row _builder_version=&#8221;4.9.2&#8243; _module_preset=&#8221;default&#8221; custom_margin=&#8221;15px||||false|false&#8221;][et_pb_column type=&#8221;4_4&#8243; _builder_version=&#8221;4.9.2&#8243; _module_preset=&#8221;default&#8221;][et_pb_text _builder_version=&#8221;4.9.3&#8243; _module_preset=&#8221;default&#8221; text_font=&#8221;Autour One|700|||||||&#8221; text_text_color=&#8221;#FFFFFF&#8221; text_font_size=&#8221;20px&#8221; text_orientation=&#8221;center&#8221;]Grattis! Du \u00e4r ett steg n\u00e4rmare att ha en av v\u00e5ra valpar![\/et_pb_text][\/et_pb_column][\/et_pb_row][\/et_pb_section][et_pb_section fb_built=&#8221;1&#8243; _builder_version=&#8221;4.9.2&#8243; _module_preset=&#8221;default&#8221; background_color=&#8221;#fdc732&#8243; max_height=&#8221;1080px&#8221; custom_margin=&#8221;0px||||false|false&#8221; top_divider_color=&#8221;#FFFFFF&#8221; bottom_divider_style=&#8221;waves2&#8243; bottom_divider_color=&#8221;#FFFFFF&#8221; da_disable_devices=&#8221;off|off|off&#8221; da_is_popup=&#8221;off&#8221; da_exit_intent=&#8221;off&#8221; da_has_close=&#8221;on&#8221; da_alt_close=&#8221;off&#8221; da_dark_close=&#8221;off&#8221; da_not_modal=&#8221;on&#8221; da_is_singular=&#8221;off&#8221; da_with_loader=&#8221;off&#8221; da_has_shadow=&#8221;on&#8221;][et_pb_row _builder_version=&#8221;4.9.2&#8243; _module_preset=&#8221;default&#8221;][et_pb_column type=&#8221;4_4&#8243; _builder_version=&#8221;4.9.2&#8243; _module_preset=&#8221;default&#8221;][et_pb_text _builder_version=&#8221;4.9.3&#8243; _module_preset=&#8221;default&#8221; text_font=&#8221;Autour One||||||||&#8221; text_text_color=&#8221;#FFFFFF&#8221; text_font_size=&#8221;20px&#8221; text_orientation=&#8221;center&#8221;]Tack f\u00f6r att du har kommit i kontakt med oss\ud83d\udc36<br \/>\nVi har dina bokningsuppgifter\ud83d\udc4d<br \/>\nSnart kommer vi att kontakta dig\ud83e\udd19[\/et_pb_text][et_pb_text _builder_version=&#8221;4.9.3&#8243; _module_preset=&#8221;default&#8221; text_font=&#8221;Autour One||||||||&#8221; text_text_color=&#8221;#FFFFFF&#8221; text_font_size=&#8221;20px&#8221; text_orientation=&#8221;center&#8221;]<\/p>\n<p>Om n\u00e5gra sekunder omdirigeras du till b\u00f6rjan&#8230;.<\/p>\n<p>[\/et_pb_text][\/et_pb_column][\/et_pb_row][et_pb_row _builder_version=&#8221;4.9.3&#8243; _module_preset=&#8221;default&#8221; module_alignment=&#8221;center&#8221; hover_enabled=&#8221;0&#8243; custom_margin=&#8221;-70px||||false|false&#8221; sticky_enabled=&#8221;0&#8243;][et_pb_column type=&#8221;4_4&#8243; _builder_version=&#8221;4.9.2&#8243; _module_preset=&#8221;default&#8221;][et_pb_image src=&#8221;https:\/\/sobinlinekennel.com\/wp-content\/uploads\/2021\/03\/timer.gif&#8221; title_text=&#8221;timer&#8221; align=&#8221;center&#8221; _builder_version=&#8221;4.9.3&#8243; _module_preset=&#8221;default&#8221; width=&#8221;100%&#8221; custom_margin=&#8221;||||false|false&#8221; custom_padding=&#8221;||||false|false&#8221;][\/et_pb_image][\/et_pb_column][\/et_pb_row][\/et_pb_section]<\/p>\n","protected":false},"excerpt":{"rendered":"<p>Grattis! Du \u00e4r ett steg n\u00e4rmare att ha en av v\u00e5ra valpar!Tack f\u00f6r att du har kommit i kontakt med oss\ud83d\udc36 Vi har dina bokningsuppgifter\ud83d\udc4d Snart kommer vi att kontakta dig\ud83e\udd19Om n\u00e5gra sekunder omdirigeras du till b\u00f6rjan&#8230;.<\/p>","protected":false},"author":1,"featured_media":0,"parent":0,"menu_order":0,"comment_status":"closed","ping_status":"closed","template":"page-template-blank.php","meta":{"_et_pb_use_builder":"on","_et_pb_old_content":"","_et_gb_content_width":"","om_disable_all_campaigns":false,"_monsterinsights_skip_tracking":false,"_monsterinsights_sitenote_active":false,"_monsterinsights_sitenote_note":"","_monsterinsights_sitenote_category":0},"aioseo_notices":[],"_links":{"self":[{"href":"https:\/\/sobinlinekennel.com\/en\/wp-json\/wp\/v2\/pages\/222827"}],"collection":[{"href":"https:\/\/sobinlinekennel.com\/en\/wp-json\/wp\/v2\/pages"}],"about":[{"href":"https:\/\/sobinlinekennel.com\/en\/wp-json\/wp\/v2\/types\/page"}],"author":[{"embeddable":true,"href":"https:\/\/sobinlinekennel.com\/en\/wp-json\/wp\/v2\/users\/1"}],"replies":[{"embeddable":true,"href":"https:\/\/sobinlinekennel.com\/en\/wp-json\/wp\/v2\/comments?post=222827"}],"version-history":[{"count":30,"href":"https:\/\/sobinlinekennel.com\/en\/wp-json\/wp\/v2\/pages\/222827\/revisions"}],"predecessor-version":[{"id":223329,"href":"https:\/\/sobinlinekennel.com\/en\/wp-json\/wp\/v2\/pages\/222827\/revisions\/223329"}],"wp:attachment":[{"href":"https:\/\/sobinlinekennel.com\/en\/wp-json\/wp\/v2\/media?parent=222827"}],"curies":[{"name":"wp","href":"https:\/\/api.w.org\/{rel}","templated":true}]}}